{"id":23,"date":"2025-09-24T13:51:24","date_gmt":"2025-09-24T13:51:24","guid":{"rendered":"http:\/\/foodandtastepartners.com\/?page_id=23"},"modified":"2025-09-30T12:20:49","modified_gmt":"2025-09-30T12:20:49","slug":"home","status":"publish","type":"page","link":"https:\/\/foodandtastepartners.com\/","title":{"rendered":"Home"},"content":{"rendered":"\n<div class=\"wp-block-cover alignfull has-ast-global-color-8-color has-text-color has-link-color wp-elements-a93c59dea57f4bcab0c2834cd3d491eb\" style=\"border-radius:50px;min-height:513px;aspect-ratio:unset;\"><span aria-hidden=\"true\" class=\"wp-block-cover__background has-ast-global-color-5-background-color has-background-dim-100 has-background-dim\"><\/span><div class=\"wp-block-cover__inner-container is-layout-flow wp-block-cover-is-layout-flow\">\n<div style=\"height:100px\" aria-hidden=\"true\" class=\"wp-block-spacer\"><\/div>\n\n\n\n<div class=\"inherit-container-width wp-block-group alignwide is-layout-constrained wp-block-group-is-layout-constrained\">\n<div class=\"wp-block-media-text alignwide has-media-on-the-right is-stacked-on-mobile is-vertically-aligned-center is-image-fill-element\" style=\"border-radius:60px;grid-template-columns:auto 40%\"><div class=\"wp-block-media-text__content\">\n<h1 class=\"wp-block-heading has-text-align-left has-ast-global-color-8-color has-text-color\"><br><strong>Nous fa\u00e7onnons l\u2019avenir de la food,<\/strong><br><strong>\u00e0 vos c\u00f4t\u00e9s.<\/strong><\/h1>\n\n\n\n<div class=\"wp-block-buttons is-layout-flex wp-block-buttons-is-layout-flex\">\n<div class=\"wp-block-button\"><a class=\"wp-block-button__link has-ast-global-color-5-color has-ast-global-color-8-background-color has-text-color has-background has-link-color wp-element-button\" href=\"mailto:contact@foodandpartners.com\">Contactez nous<\/a><\/div>\n<\/div>\n<\/div><figure class=\"wp-block-media-text__media\"><img loading=\"lazy\" decoding=\"async\" width=\"1200\" height=\"1200\" src=\"https:\/\/foodandtastepartners.com\/wp-content\/uploads\/2025\/09\/PHOTO-2025-09-24-15-30-51.jpg\" alt=\"\" class=\"wp-image-21 size-full\" style=\"object-position:54% 34%\" srcset=\"https:\/\/foodandtastepartners.com\/wp-content\/uploads\/2025\/09\/PHOTO-2025-09-24-15-30-51.jpg 1200w, https:\/\/foodandtastepartners.com\/wp-content\/uploads\/2025\/09\/PHOTO-2025-09-24-15-30-51-300x300.jpg 300w, https:\/\/foodandtastepartners.com\/wp-content\/uploads\/2025\/09\/PHOTO-2025-09-24-15-30-51-1024x1024.jpg 1024w, https:\/\/foodandtastepartners.com\/wp-content\/uploads\/2025\/09\/PHOTO-2025-09-24-15-30-51-150x150.jpg 150w, https:\/\/foodandtastepartners.com\/wp-content\/uploads\/2025\/09\/PHOTO-2025-09-24-15-30-51-768x768.jpg 768w, https:\/\/foodandtastepartners.com\/wp-content\/uploads\/2025\/09\/PHOTO-2025-09-24-15-30-51-230x230.jpg 230w, https:\/\/foodandtastepartners.com\/wp-content\/uploads\/2025\/09\/PHOTO-2025-09-24-15-30-51-330x330.jpg 330w\" sizes=\"auto, (max-width: 1200px) 100vw, 1200px\" \/><\/figure><\/div>\n<\/div>\n<\/div><\/div>\n\n\n\n<div class=\"wp-block-group alignfull is-layout-constrained wp-container-core-group-is-layout-45b0ac4f wp-block-group-is-layout-constrained\" id=\"services\" style=\"padding-top:144px;padding-bottom:0px\">\n<h2 class=\"wp-block-heading\">Nos services<\/h2>\n\n\n\n<div class=\"wp-block-columns is-layout-flex wp-container-core-columns-is-layout-60cbf9bb wp-block-columns-is-layout-flex\" style=\"margin-top:50px\">\n<div class=\"wp-block-column is-layout-flow wp-container-core-column-is-layout-6b73ce23 wp-block-column-is-layout-flow\">\n<figure class=\"wp-block-image size-full has-custom-border\"><img loading=\"lazy\" decoding=\"async\" width=\"700\" height=\"700\" src=\"https:\/\/foodandtastepartners.com\/wp-content\/uploads\/2025\/09\/b4af7de064beca42b2986432d7ba9420.jpg\" alt=\"\" class=\"wp-image-53\" style=\"border-radius:25px\" srcset=\"https:\/\/foodandtastepartners.com\/wp-content\/uploads\/2025\/09\/b4af7de064beca42b2986432d7ba9420.jpg 700w, https:\/\/foodandtastepartners.com\/wp-content\/uploads\/2025\/09\/b4af7de064beca42b2986432d7ba9420-300x300.jpg 300w, https:\/\/foodandtastepartners.com\/wp-content\/uploads\/2025\/09\/b4af7de064beca42b2986432d7ba9420-150x150.jpg 150w\" sizes=\"auto, (max-width: 700px) 100vw, 700px\" \/><\/figure>\n\n\n\n<h3 class=\"wp-block-heading\" style=\"margin-top:16px\">Accompagnement Strat\u00e9gique<\/h3>\n\n\n\n<p>Nous ne sommes pas de simples conseillers : nous devenons votre partenaire de croissance. Ensemble, nous ouvrons des march\u00e9s, d\u00e9veloppons des opportunit\u00e9s et b\u00e2tissons des succ\u00e8s durables.<br><br><\/p>\n<\/div>\n\n\n\n<div class=\"wp-block-column is-layout-flow wp-container-core-column-is-layout-6b73ce23 wp-block-column-is-layout-flow\">\n<div class=\"wp-block-cover\" style=\"border-radius:25px\"><img loading=\"lazy\" decoding=\"async\" width=\"800\" height=\"1208\" class=\"wp-block-cover__image-background wp-image-55\" alt=\"\" src=\"https:\/\/foodandtastepartners.com\/wp-content\/uploads\/2025\/09\/afcf6c3153dd1c15f348415b90c39b5a.jpg\" data-object-fit=\"cover\" srcset=\"https:\/\/foodandtastepartners.com\/wp-content\/uploads\/2025\/09\/afcf6c3153dd1c15f348415b90c39b5a.jpg 800w, https:\/\/foodandtastepartners.com\/wp-content\/uploads\/2025\/09\/afcf6c3153dd1c15f348415b90c39b5a-199x300.jpg 199w, https:\/\/foodandtastepartners.com\/wp-content\/uploads\/2025\/09\/afcf6c3153dd1c15f348415b90c39b5a-678x1024.jpg 678w, https:\/\/foodandtastepartners.com\/wp-content\/uploads\/2025\/09\/afcf6c3153dd1c15f348415b90c39b5a-768x1160.jpg 768w\" sizes=\"auto, (max-width: 800px) 100vw, 800px\" \/><span aria-hidden=\"true\" class=\"wp-block-cover__background has-background-dim\"><\/span><div class=\"wp-block-cover__inner-container is-layout-flow wp-block-cover-is-layout-flow\">\n<p class=\"has-text-align-center has-large-font-size\"><\/p>\n<\/div><\/div>\n\n\n\n<h3 class=\"wp-block-heading\" style=\"margin-top:16px\">R&amp;D culinaire et industrielle<\/h3>\n\n\n\n<p>Nous transformons les id\u00e9es en solutions concr\u00e8tes. Avec exigence et cr\u00e9ativit\u00e9, nous concevons des recettes et des concepts capables de s\u00e9duire vos clients et de vous d\u00e9marquer.<br><\/p>\n<\/div>\n\n\n\n<div class=\"wp-block-column is-layout-flow wp-container-core-column-is-layout-6b73ce23 wp-block-column-is-layout-flow\">\n<figure class=\"wp-block-image size-full has-custom-border\"><img loading=\"lazy\" decoding=\"async\" width=\"486\" height=\"608\" src=\"https:\/\/foodandtastepartners.com\/wp-content\/uploads\/2025\/09\/0fef4f8c1885291ae6929eeb5fe3e6d8.jpg\" alt=\"\" class=\"wp-image-56\" style=\"border-radius:25px\" srcset=\"https:\/\/foodandtastepartners.com\/wp-content\/uploads\/2025\/09\/0fef4f8c1885291ae6929eeb5fe3e6d8.jpg 486w, https:\/\/foodandtastepartners.com\/wp-content\/uploads\/2025\/09\/0fef4f8c1885291ae6929eeb5fe3e6d8-240x300.jpg 240w\" sizes=\"auto, (max-width: 486px) 100vw, 486px\" \/><\/figure>\n\n\n\n<h3 class=\"wp-block-heading\" style=\"margin-top:16px\">Production &amp; Distribution<\/h3>\n\n\n\n<p>Nous ma\u00eetrisons toute la cha\u00eene, de la fabrication dans notre laboratoire \u00e0 la livraison finale. Notre force op\u00e9rationnelle vous garantit r\u00e9activit\u00e9, fiabilit\u00e9 et mise sur le march\u00e9 sans compromis.<br><\/p>\n<\/div>\n<\/div>\n<\/div>\n\n\n\n<div class=\"wp-block-group alignfull has-ast-global-color-5-background-color has-background is-layout-constrained wp-container-core-group-is-layout-94d206d0 wp-block-group-is-layout-constrained\" id=\"about\" style=\"padding-top:143px;padding-bottom:144px\">\n<div class=\"wp-block-media-text has-media-on-the-right is-stacked-on-mobile is-vertically-aligned-center is-image-fill-element\" style=\"border-style:none;border-width:0px;border-radius:0px\"><div class=\"wp-block-media-text__content\">\n<div class=\"inherit-container-width wp-block-group is-layout-constrained wp-container-core-group-is-layout-47ce07ec wp-block-group-is-layout-constrained\" style=\"padding-right:80px\">\n<h2 class=\"wp-block-heading\" style=\"padding-right:40px\"><br><strong><br><strong>Nous transformons les ambitions food en r\u00e9alit\u00e9s durables.<\/strong><\/strong><\/h2>\n\n\n\n<p><br><br>Chez <strong>F&amp;T Partners<\/strong>, nous croyons que les plus belles r\u00e9ussites naissent de la rencontre entre vision et ex\u00e9cution. C\u2019est pourquoi nous accompagnons les acteurs de la restauration, de la foodtech et de l\u2019industrie alimentaire \u00e0 transformer leurs ambitions en projets concrets, rentables et durables. Notre mission : \u00eatre le partenaire qui acc\u00e9l\u00e8re, s\u00e9curise et r\u00e9v\u00e8le le potentiel de chaque initiative.<br><br>De la conception \u00e0 la mise sur le march\u00e9, nous ma\u00eetrisons toute la cha\u00eene : accompagnement strat\u00e9gique, R&amp;D culinaire et industrielle, production dans notre laboratoire. Avec exigence et d\u00e9termination, nous donnons de la puissance \u00e0 vos projets pour qu\u2019ils s\u00e9duisent vos clients et ouvrent de nouvelles perspectives de croissance.<\/p>\n<\/div>\n<\/div><figure class=\"wp-block-media-text__media\"><img loading=\"lazy\" decoding=\"async\" width=\"624\" height=\"800\" src=\"https:\/\/foodandtastepartners.com\/wp-content\/uploads\/2025\/09\/a5f1cf4fc335520664225ed3125e8848.jpg\" alt=\"\" class=\"wp-image-57 size-full\" style=\"object-position:50% 50%\" srcset=\"https:\/\/foodandtastepartners.com\/wp-content\/uploads\/2025\/09\/a5f1cf4fc335520664225ed3125e8848.jpg 624w, https:\/\/foodandtastepartners.com\/wp-content\/uploads\/2025\/09\/a5f1cf4fc335520664225ed3125e8848-234x300.jpg 234w\" sizes=\"auto, (max-width: 624px) 100vw, 624px\" \/><\/figure><\/div>\n<\/div>\n\n\n\n<div class=\"wp-block-group alignfull is-layout-constrained wp-container-core-group-is-layout-3fee123f wp-block-group-is-layout-constrained\" id=\"whyus\" style=\"padding-top:144px;padding-bottom:144px\">\n<h2 class=\"wp-block-heading\">Nos valeurs<\/h2>\n\n\n\n<div class=\"wp-block-columns is-layout-flex wp-container-core-columns-is-layout-29aadeec wp-block-columns-is-layout-flex\" style=\"margin-top:60px\">\n<div class=\"wp-block-column relative-container is-layout-flow wp-container-core-column-is-layout-6b73ce23 wp-block-column-is-layout-flow\">\n<p class=\"absolute-style has-cyan-bluish-gray-color has-cyan-bluish-gray-background-color has-text-color has-background has-link-color has-small-font-size wp-elements-ab36c17e22eac2520f60ea67df9b97f5\" style=\"border-style:none;border-width:0px;border-radius:12px\"><\/p>\n\n\n\n<h3 class=\"wp-block-heading\" style=\"margin-top:16px\">Excellence &amp; R\u00e9gularit\u00e9<\/h3>\n\n\n\n<p><em>\u00ab \u00c0 chaque commande, la m\u00eame promesse \u00bb<\/em><\/p>\n\n\n\n<p>Qu\u2019il s\u2019agisse de 100, 1 000 ou 10 000 plats, notre rigueur ne faiblit jamais : une qualit\u00e9 irr\u00e9prochable et une ponctualit\u00e9 sans faille, jour apr\u00e8s jour.<\/p>\n<\/div>\n\n\n\n<div class=\"wp-block-column relative-container1 is-layout-flow wp-container-core-column-is-layout-6b73ce23 wp-block-column-is-layout-flow\">\n<p class=\"absolute-style has-cyan-bluish-gray-color has-cyan-bluish-gray-background-color has-text-color has-background has-link-color has-small-font-size wp-elements-702cf2d03a55e2ba12606a7a880853d5\" style=\"border-style:none;border-width:0px;border-radius:12px\"><\/p>\n\n\n\n<h3 class=\"wp-block-heading\" style=\"margin-top:16px\">Partenariat &amp; Transparence<\/h3>\n\n\n\n<p>\u00ab Co-construire avec clart\u00e9 \u00bb<\/p>\n\n\n\n<p>\u00c0 l\u2019\u00e9coute de vos besoins, de vos ambitions, nous partageons chaque donn\u00e9e, chaque \u00e9tape, pour b\u00e2tir une relation solide, transparente et p\u00e9renne.<\/p>\n<\/div>\n\n\n\n<div class=\"wp-block-column relative-container2 is-layout-flow wp-container-core-column-is-layout-6b73ce23 wp-block-column-is-layout-flow\">\n<p class=\"absolute-style has-cyan-bluish-gray-color has-cyan-bluish-gray-background-color has-text-color has-background has-link-color has-small-font-size wp-elements-78cc13dd8812fb4fd1a8dcf0bfa1b2a9\" style=\"border-radius:12px\"><\/p>\n\n\n\n<h3 class=\"wp-block-heading\" style=\"margin-top:16px\">Passion &amp; Bienveillance<\/h3>\n\n\n\n<p>\u00ab Le go\u00fbt du partage, la chaleur du c\u0153ur \u00bb<\/p>\n\n\n\n<p>Notre cr\u00e9ativit\u00e9 culinaire et notre enthousiasme se diffusent dans chacune de nos productions pour nourrir vos convives\u2026 et leurs sourires !<\/p>\n<\/div>\n<\/div>\n<\/div>\n\n\n\n<div class=\"wp-block-buttons is-content-justification-center is-layout-flex wp-container-core-buttons-is-layout-a89b3969 wp-block-buttons-is-layout-flex\">\n<div class=\"wp-block-button has-custom-width wp-block-button__width-50 is-style-fill\"><a class=\"wp-block-button__link has-ast-global-color-5-color has-black-background-color has-text-color has-background has-link-color wp-element-button\" href=\"mailto:contact@foodandpartners.com\">Contactez-nous<\/a><\/div>\n<\/div>\n\n\n\n<p><\/p>\n","protected":false},"excerpt":{"rendered":"<p>Nos services Accompagnement Strat\u00e9gique Nous ne sommes pas de simples conseillers : nous devenons votre partenaire de croissance. Ensemble, nous [&hellip;]<\/p>\n","protected":false},"author":1,"featured_media":0,"parent":0,"menu_order":0,"comment_status":"closed","ping_status":"closed","template":"","meta":{"site-sidebar-layout":"no-sidebar","site-content-layout":"plain-container","ast-site-content-layout":"default","site-content-style":"default","site-sidebar-style":"default","ast-global-header-display":"","ast-banner-title-visibility":"","ast-main-header-display":"","ast-hfb-above-header-display":"","ast-hfb-below-header-display":"","ast-hfb-mobile-header-display":"","site-post-title":"disabled","ast-breadcrumbs-content":"","ast-featured-img":"","footer-sml-layout":"","theme-transparent-header-meta":"enabled","adv-header-id-meta":"","stick-header-meta":"","header-above-stick-meta":"","header-main-stick-meta":"","header-below-stick-meta":"","astra-migrate-meta-layouts":"default","ast-page-background-enabled":"default","ast-page-background-meta":{"desktop":{"background-color":"var(--ast-global-color-5)","background-image":"","background-repeat":"repeat","background-position":"center center","background-size":"auto","background-attachment":"scroll","background-type":"","background-media":"","overlay-type":"","overlay-color":"","overlay-opacity":"","overlay-gradient":""},"tablet":{"background-color":"","background-image":"","background-repeat":"repeat","background-position":"center center","background-size":"auto","background-attachment":"scroll","background-type":"","background-media":"","overlay-type":"","overlay-color":"","overlay-opacity":"","overlay-gradient":""},"mobile":{"background-color":"","background-image":"","background-repeat":"repeat","background-position":"center center","background-size":"auto","background-attachment":"scroll","background-type":"","background-media":"","overlay-type":"","overlay-color":"","overlay-opacity":"","overlay-gradient":""}},"ast-content-background-meta":{"desktop":{"background-color":"var(--ast-global-color-4)","background-image":"","background-repeat":"repeat","background-position":"center center","background-size":"auto","background-attachment":"scroll","background-type":"","background-media":"","overlay-type":"","overlay-color":"","overlay-opacity":"","overlay-gradient":""},"tablet":{"background-color":"var(--ast-global-color-4)","background-image":"","background-repeat":"repeat","background-position":"center center","background-size":"auto","background-attachment":"scroll","background-type":"","background-media":"","overlay-type":"","overlay-color":"","overlay-opacity":"","overlay-gradient":""},"mobile":{"background-color":"var(--ast-global-color-4)","background-image":"","background-repeat":"repeat","background-position":"center center","background-size":"auto","background-attachment":"scroll","background-type":"","background-media":"","overlay-type":"","overlay-color":"","overlay-opacity":"","overlay-gradient":""}},"footnotes":""},"class_list":["post-23","page","type-page","status-publish","hentry"],"_links":{"self":[{"href":"https:\/\/foodandtastepartners.com\/index.php?rest_route=\/wp\/v2\/pages\/23","targetHints":{"allow":["GET"]}}],"collection":[{"href":"https:\/\/foodandtastepartners.com\/index.php?rest_route=\/wp\/v2\/pages"}],"about":[{"href":"https:\/\/foodandtastepartners.com\/index.php?rest_route=\/wp\/v2\/types\/page"}],"author":[{"embeddable":true,"href":"https:\/\/foodandtastepartners.com\/index.php?rest_route=\/wp\/v2\/users\/1"}],"replies":[{"embeddable":true,"href":"https:\/\/foodandtastepartners.com\/index.php?rest_route=%2Fwp%2Fv2%2Fcomments&post=23"}],"version-history":[{"count":24,"href":"https:\/\/foodandtastepartners.com\/index.php?rest_route=\/wp\/v2\/pages\/23\/revisions"}],"predecessor-version":[{"id":94,"href":"https:\/\/foodandtastepartners.com\/index.php?rest_route=\/wp\/v2\/pages\/23\/revisions\/94"}],"wp:attachment":[{"href":"https:\/\/foodandtastepartners.com\/index.php?rest_route=%2Fwp%2Fv2%2Fmedia&parent=23"}],"curies":[{"name":"wp","href":"https:\/\/api.w.org\/{rel}","templated":true}]}}